{"id":5686,"date":"2024-01-30T14:14:32","date_gmt":"2024-01-30T13:14:32","guid":{"rendered":"https:\/\/loturak.eus\/?page_id=5686"},"modified":"2024-01-30T14:16:10","modified_gmt":"2024-01-30T13:16:10","slug":"politica-de-privacidad","status":"publish","type":"page","link":"https:\/\/loturak.eus\/es\/politica-de-privacidad\/","title":{"rendered":"Pol\u00edtica de Privacidad"},"content":{"rendered":"\t\t<div data-elementor-type=\"wp-page\" data-elementor-id=\"5686\" class=\"elementor elementor-5686\">\n\t\t\t\t\t\t\t\t\t<section class=\"elementor-section elementor-top-section elementor-element elementor-element-3fb7088 elementor-section-boxed elementor-section-height-default elementor-section-height-default\" data-id=\"3fb7088\" data-element_type=\"section\">\n\t\t\t\t\t\t<div class=\"elementor-container elementor-column-gap-default\">\n\t\t\t\t\t<div class=\"elementor-column elementor-col-100 elementor-top-column elementor-element elementor-element-9bb9211 ot-flex-column-vertical\" data-id=\"9bb9211\" data-element_type=\"column\">\n\t\t\t<div class=\"elementor-widget-wrap elementor-element-populated\">\n\t\t\t\t\t\t\t\t<div class=\"elementor-element elementor-element-49c8166 elementor-widget elementor-widget-text-editor\" data-id=\"49c8166\" data-element_type=\"widget\" data-widget_type=\"text-editor.default\">\n\t\t\t\t<div class=\"elementor-widget-container\">\n\t\t\t<style>\/*! elementor - v3.13.1 - 09-05-2023 *\/\n.elementor-widget-text-editor.elementor-drop-cap-view-stacked .elementor-drop-cap{background-color:#69727d;color:#fff}.elementor-widget-text-editor.elementor-drop-cap-view-framed .elementor-drop-cap{color:#69727d;border:3px solid;background-color:transparent}.elementor-widget-text-editor:not(.elementor-drop-cap-view-default) .elementor-drop-cap{margin-top:8px}.elementor-widget-text-editor:not(.elementor-drop-cap-view-default) .elementor-drop-cap-letter{width:1em;height:1em}.elementor-widget-text-editor .elementor-drop-cap{float:left;text-align:center;line-height:1;font-size:50px}.elementor-widget-text-editor .elementor-drop-cap-letter{display:inline-block}<\/style>\t\t\t\t<p>Aviso legal<\/p><p>El presente aviso legal (en adelante, el \u00abAviso Legal\u00bb) regula el uso del servicio del portal de Internet https:\/\/loturak.eus (en adelante, el \u00abWeb\u00bb) de MIREN LARRA\u00d1AGA ILLARRAMENDI con domicilio social en MIREN LARRA\u00d1AGA ILLARRAMENDI con direcci\u00f3n LAPURDI 19, 2A &#8211; 20800 ZARAUTZ, GIPUZKOA con CIF 72478396Z.<\/p><p><br><\/p><p>Legislaci\u00f3n<\/p><p>Con car\u00e1cter general las relaciones entre MIREN LARRA\u00d1AGA ILLARRAMENDI con los Usuarios de sus servicios telem\u00e1ticos, presentes en la web, se encuentran sometidas a la legislaci\u00f3n y jurisdicci\u00f3n espa\u00f1olas. Las partes renuncian expresamente al fuero que les pudiera corresponder y someten expresamente a los Juzgados y Tribunales de ZARAUTZ para resolver cualquier controversia que pueda surgir en la interpretaci\u00f3n o ejecuci\u00f3n de las presentes condiciones contractuales.<\/p><p><br><\/p><p>Contenido y uso<\/p><p>El Usuario queda informado, y acepta, que el acceso a la presente web no supone, en modo alguno, el inicio de una relaci\u00f3n comercial con MIREN LARRA\u00d1AGA ILLARRAMENDI. El titular del web no se identifica con las opiniones vertidas en el mismo por sus colaboradores. La Empresa se reserva el derecho de efectuar sin previo aviso las modificaciones que considere oportunas en su Web, pudiendo cambiar, suprimir o a\u00f1adir tanto los contenidos y servicios que se presten a trav\u00e9s de la misma como la forma en la que \u00e9stos aparezcan presentados o localizados en sus servidores. Propiedad intelectual e industrial Los derechos de propiedad intelectual del contenido de las p\u00e1ginas web, su dise\u00f1o gr\u00e1fico y c\u00f3digos son titularidad de MIREN LARRA\u00d1AGA ILLARRAMENDI y, por tanto, queda prohibida su reproducci\u00f3n, distribuci\u00f3n, comunicaci\u00f3n p\u00fablica, transformaci\u00f3n o cualquier otra actividad que se pueda realizar con los contenidos de sus p\u00e1ginas web ni aun citando las fuentes, salvo consentimiento por escrito de MIREN LARRA\u00d1AGA ILLARRAMENDI. Todos los nombres comerciales, marcas o signos distintos de cualquier clase contenidos en las p\u00e1ginas web de la Empresa son propiedad de sus due\u00f1os y est\u00e1n protegidos por ley.<\/p><p><br><\/p><p>Enlaces (Links)<\/p><p>La presencia de enlaces (links) en las p\u00e1ginas web de MIREN LARRA\u00d1AGA ILLARRAMENDI tiene finalidad meramente informativa y en ning\u00fan caso supone sugerencia, invitaci\u00f3n o recomendaci\u00f3n sobre los mismos.<\/p><p><br><\/p><p>Confidencialidad y Protecci\u00f3n de Datos<\/p><p>A efecto de lo previsto en RGPD de 27 de abril de 2016, MIREN LARRA\u00d1AGA ILLARRAMENDI informa al Usuario de la existencia de un tratamiento automatizado de datos de car\u00e1cter personal creado por y para MIREN LARRA\u00d1AGA ILLARRAMENDI y bajo su responsabilidad, con la finalidad de realizar el mantenimiento y gesti\u00f3n de la relaci\u00f3n con el Usuario, as\u00ed como las labores de informaci\u00f3n. En el momento de la aceptaci\u00f3n de las presentes condiciones generales, MIREN LARRA\u00d1AGA ILLARRAMENDI precisar\u00e1 del Usuario la recogida de unos datos imprescindibles para la prestaci\u00f3n de sus servicios.<\/p><p><br><\/p><p>Registro de ficheros y formularios<\/p><p>La cumplimentaci\u00f3n del formulario de registro es obligatoria para acceder y disfrutar de determinados servicios ofrecidos en la web. El no facilitar los datos personales solicitados o el no aceptar la presente pol\u00edtica de protecci\u00f3n de datos supone la imposibilidad de suscribirse, registrarse o participar en cualquiera de las promociones en las que se soliciten datos car\u00e1cter personal. A efecto de lo previsto en RGPD de 27 de abril de 2016, le informamos que los datos personales que se obtengan como consecuencia de su registro como Usuario, ser\u00e1n incorporados a un fichero titularidad de MIREN LARRA\u00d1AGA ILLARRAMENDI con C.I.F 72478396Z y domicilio en MIREN LARRA\u00d1AGA ILLARRAMENDI con direcci\u00f3n LAPURDI 19, 2A &#8211; 20800 ZARAUTZ, GIPUZKOA, teniendo implementadas las medidas de seguridad establecidas en el Real Decreto 1720\/2007, de 11 de junio.<\/p><p><br><\/p><p>Exactitud y veracidad de los datos facilitados<\/p><p>El Usuario es el \u00fanico responsable de la veracidad y correcci\u00f3n de los datos incluidos, exoner\u00e1ndose MIREN LARRA\u00d1AGA ILLARRAMENDI de cualquier responsabilidad al respecto. Los usuarios garantizan y responden, en cualquier caso, de la exactitud, vigencia y autenticidad de los datos personales facilitados, y se comprometen a mantenerlos debidamente actualizados. El usuario acepta proporcionar informaci\u00f3n completa y correcta en el formulario de registro o suscripci\u00f3n. MIREN LARRA\u00d1AGA ILLARRAMENDI no responde de la veracidad de las informaciones que no sean de elaboraci\u00f3n propia y de las que se indique otra fuente, por lo que tampoco asume responsabilidad alguna en cuanto a hipot\u00e9ticos perjuicios que pudieran originarse por el uso de dicha informaci\u00f3n. MIREN LARRA\u00d1AGA ILLARRAMENDI se reserva el derecho a actualizar, modificar o eliminar la informaci\u00f3n contenida en sus p\u00e1ginas web pudiendo incluso limitar o no permitir el acceso a dicha informaci\u00f3n. Se exonera a MIREN LARRA\u00d1AGA ILLARRAMENDI de responsabilidad ante cualquier da\u00f1o o perjuicio que pudiera sufrir el Usuario como consecuencia de errores, defectos u omisiones, en la informaci\u00f3n facilitada por MIREN LARRA\u00d1AGA ILLARRAMENDI siempre que proceda de fuentes ajenas a MIREN LARRA\u00d1AGA ILLARRAMENDI.<\/p><p><br><\/p><p>Cookies<\/p><p>El sitio https:\/\/loturak.eus no utiliza cookies, considerando tales ficheros f\u00edsicos de informaci\u00f3n alojados en el propio terminal del usuario y sirven para facilitar la navegaci\u00f3n del usuario por el portal. De todas formas, el usuario tiene la posibilidad de configurar el navegador de tal modo que impida la instalaci\u00f3n de estos archivos.<\/p><p><br><\/p><p>Finalidades<\/p><p>Las finalidades MIREN LARRA\u00d1AGA ILLARRAMENDI son el mantenimiento y gesti\u00f3n de la relaci\u00f3n con el Usuario, as\u00ed como las labores de informaci\u00f3n.<\/p><p><br><\/p><p>Menos de edad<\/p><p>En el supuesto que algunos de nuestros servicios vayan dirigidos espec\u00edficamente a menores de edad, MIREN LARRA\u00d1AGA ILLARRAMENDI solicitar\u00e1 la conformidad de los padres o tutores para la recogida de los datos personales o, en su caso, para el tratamiento automatizado de los datos.<\/p><p><br><\/p><p>Cesi\u00f3n de datos a terceros<\/p><p>MIREN LARRA\u00d1AGA ILLARRAMENDI no realizar\u00e1 cesi\u00f3n de datos de los usuarios a terceros.<\/p><p><br><\/p><p>Ejercicio de derechos de acceso, rectificaci\u00f3n, cancelaci\u00f3n y oposici\u00f3n<\/p><p>Podr\u00e1 dirigir sus comunicaciones y ejercitar los derechos de acceso, rectificaci\u00f3n, supresi\u00f3n, limitaci\u00f3n, portabilidad y oposici\u00f3n en la direcci\u00f3n de Internet https:\/\/loturak.eus o bien por correo ordinario dirigido a MIREN LARRA\u00d1AGA ILLARRAMENDI, Ref. RGPD, MIREN LARRA\u00d1AGA ILLARRAMENDI con direcci\u00f3n LAPURDI 19, 2A &#8211; 20800 ZARAUTZ, GIPUZKOA. Para ejercer dichos derechos es necesario que usted acredite su personalidad frente a MIREN LARRA\u00d1AGA ILLARRAMENDI mediante el env\u00edo de fotocopia de Documento Nacional de Identidad o cualquier otro medio v\u00e1lido en Derecho.<\/p><p><br><\/p><p>Medidas de seguridad<\/p><p>MIREN LARRA\u00d1AGA ILLARRAMENDI ha adoptado los niveles de seguridad de protecci\u00f3n de los Datos Personales legalmente requeridos, y procuran instalar aquellos otros medios y medidas t\u00e9cnicas adicionales a su alcance para evitar la p\u00e9rdida, mal uso, alteraci\u00f3n, acceso no autorizado y robo de los Datos Personales facilitados a MIREN LARRA\u00d1AGA ILLARRAMENDI no ser\u00e1 responsable de posibles da\u00f1os o perjuicios que se pudieran derivar de interferencias, omisiones, interrupciones, virus inform\u00e1ticos, aver\u00edas telef\u00f3nicas o desconexiones en el funcionamiento operativo de este sistema electr\u00f3nico, motivadas por causas ajenas a MIREN LARRA\u00d1AGA ILLARRAMENDI; de retrasos o bloqueos en el uso del presente sistema electr\u00f3nico causados por deficiencias o sobrecargas de l\u00edneas telef\u00f3nicas o sobrecargas en el Centro de Procesos de Datos, en el sistema de Internet o en otros sistemas electr\u00f3nicos, as\u00ed como de da\u00f1os que puedan ser causados por terceras personas mediante intromisiones ileg\u00edtimas fuera del control de MIREN LARRA\u00d1AGA ILLARRAMENDI. Ello, no obstante, el Usuario debe ser consciente de que las medidas de seguridad en Internet no son inexpugnables.<\/p><p><br><\/p><p>Aceptaci\u00f3n y consentimiento<\/p><p>El usuario declara haber sido informado de las condiciones sobre protecci\u00f3n de datos personales, aceptando y consintiendo el tratamiento automatizado de los mismos por parte de MIREN LARRA\u00d1AGA ILLARRAMENDI, en la forma y para las finalidades indicadas en la presente Pol\u00edtica de Protecci\u00f3n de Datos Personales. Ciertos servicios prestados en el Portal pueden contener condiciones particulares con previsiones espec\u00edficas en materia de protecci\u00f3n de Datos Personales.<\/p>\t\t\t\t\t\t<\/div>\n\t\t\t\t<\/div>\n\t\t\t\t\t<\/div>\n\t\t<\/div>\n\t\t\t\t\t\t\t<\/div>\n\t\t<\/section>\n\t\t\t\t\t\t\t<\/div>\n\t\t","protected":false},"excerpt":{"rendered":"<p>Aviso legal El presente aviso legal (en adelante, el \u00abAviso Legal\u00bb) regula el uso del servicio del portal de Internet https:\/\/loturak.eus (en adelante, el \u00abWeb\u00bb) de MIREN LARRA\u00d1AGA ILLARRAMENDI con domicilio social en MIREN LARRA\u00d1AGA ILLARRAMENDI con direcci\u00f3n LAPURDI 19, 2A &#8211; 20800 ZARAUTZ, GIPUZKOA con CIF 72478396Z. &nbsp; Legislaci\u00f3n Con car\u00e1cter general las relaciones [&hellip;]<\/p>\n","protected":false},"author":1,"featured_media":0,"parent":0,"menu_order":0,"comment_status":"closed","ping_status":"closed","template":"","meta":{"footnotes":""},"class_list":["post-5686","page","type-page","status-publish","hentry"],"_links":{"self":[{"href":"https:\/\/loturak.eus\/es\/wp-json\/wp\/v2\/pages\/5686","targetHints":{"allow":["GET"]}}],"collection":[{"href":"https:\/\/loturak.eus\/es\/wp-json\/wp\/v2\/pages"}],"about":[{"href":"https:\/\/loturak.eus\/es\/wp-json\/wp\/v2\/types\/page"}],"author":[{"embeddable":true,"href":"https:\/\/loturak.eus\/es\/wp-json\/wp\/v2\/users\/1"}],"replies":[{"embeddable":true,"href":"https:\/\/loturak.eus\/es\/wp-json\/wp\/v2\/comments?post=5686"}],"version-history":[{"count":5,"href":"https:\/\/loturak.eus\/es\/wp-json\/wp\/v2\/pages\/5686\/revisions"}],"predecessor-version":[{"id":5692,"href":"https:\/\/loturak.eus\/es\/wp-json\/wp\/v2\/pages\/5686\/revisions\/5692"}],"wp:attachment":[{"href":"https:\/\/loturak.eus\/es\/wp-json\/wp\/v2\/media?parent=5686"}],"curies":[{"name":"wp","href":"https:\/\/api.w.org\/{rel}","templated":true}]}}